{"id":18326,"date":"2024-07-09T08:47:27","date_gmt":"2024-07-09T08:47:27","guid":{"rendered":"https:\/\/drjohannes.com\/?page_id=18326"},"modified":"2024-09-22T13:39:46","modified_gmt":"2024-09-22T13:39:46","slug":"become-a-member","status":"publish","type":"page","link":"https:\/\/drjohannes.com\/en\/become-a-member\/","title":{"rendered":"Become a Member"},"content":{"rendered":"<div data-elementor-type=\"wp-page\" data-elementor-id=\"18326\" class=\"elementor elementor-18326\" data-elementor-post-type=\"page\">\n\t\t\t\t<div class=\"elementor-element elementor-element-3257ea8 e-flex e-con-boxed e-con e-parent\" data-id=\"3257ea8\" data-element_type=\"container\" data-e-type=\"container\">\n\t\t\t\t\t<div class=\"e-con-inner\">\n\t\t\t\t<div class=\"elementor-element elementor-element-e2b96b2 e-n-tabs-none elementor-widget elementor-widget-n-tabs\" data-id=\"e2b96b2\" data-element_type=\"widget\" data-e-type=\"widget\" data-settings=\"{&quot;tabs_justify_horizontal_mobile&quot;:&quot;center&quot;,&quot;horizontal_scroll&quot;:&quot;disable&quot;}\" data-widget_type=\"nested-tabs.default\">\n\t\t\t\t<div class=\"elementor-widget-container\">\n\t\t\t\t\t\t\t<div class=\"e-n-tabs\" data-widget-number=\"237737650\" aria-label=\"Tabs. Open items with Enter or Space, close with Escape and navigate using the Arrow keys.\">\n\t\t\t<div class=\"e-n-tabs-heading\" role=\"tablist\">\n\t\t\t\t\t<button id=\"e-n-tab-title-2377376501\" data-tab-title-id=\"e-n-tab-title-2377376501\" class=\"e-n-tab-title\" aria-selected=\"true\" data-tab-index=\"1\" role=\"tab\" tabindex=\"0\" aria-controls=\"e-n-tab-content-2377376501\" style=\"--n-tabs-title-order: 1;\">\n\t\t\t\t\t\t<span class=\"e-n-tab-title-text\">\n\t\t\t\tYearly\t\t\t<\/span>\n\t\t<\/button>\n\t\t\t\t<button id=\"e-n-tab-title-2377376502\" data-tab-title-id=\"e-n-tab-title-2377376502\" class=\"e-n-tab-title\" aria-selected=\"false\" data-tab-index=\"2\" role=\"tab\" tabindex=\"-1\" aria-controls=\"e-n-tab-content-2377376502\" style=\"--n-tabs-title-order: 2;\">\n\t\t\t\t\t\t<span class=\"e-n-tab-title-text\">\n\t\t\t\tMonthly\t\t\t<\/span>\n\t\t<\/button>\n\t\t\t\t\t<\/div>\n\t\t\t<div class=\"e-n-tabs-content\">\n\t\t\t\t<div id=\"e-n-tab-content-2377376501\" role=\"tabpanel\" aria-labelledby=\"e-n-tab-title-2377376501\" data-tab-index=\"1\" style=\"--n-tabs-title-order: 1;\" class=\"e-active elementor-element elementor-element-9da99c7 e-con-full e-flex e-con e-child\" data-id=\"9da99c7\" data-element_type=\"container\" data-e-type=\"container\">\n\t\t\t\t<div class=\"elementor-element elementor-element-88b019e elementor-widget elementor-widget-html\" data-id=\"88b019e\" data-element_type=\"widget\" data-e-type=\"widget\" data-widget_type=\"html.default\">\n\t\t\t\t<div class=\"elementor-widget-container\">\n\t\t\t\t\t<!-- Pricing Table -->\r\n<div class=\"pricing-table\">\r\n    <div class=\"pricing-box bronze\">\r\n        <div class=\"header\">\r\n            <h2>Bronse<\/h2>\r\n            <div class=\"price\">699 NOK\/\u00c5R<\/div>\r\n        <\/div>\r\n        <ul class=\"features\">\r\n            <li>Tilgang til alle nye podcast episoder<\/li>\r\n            <li>Tilgang til alle tidligere episoder<\/li>\r\n            <li>\u00c5rlig betaling<\/li>\r\n        <\/ul>\r\n        <a class=\"button\" href=\"https:\/\/drjohannes.com\/en\/membership-checkout\/?pmpro_level=2\">Velg Plan<\/a>\r\n    <\/div>\r\n\r\n    <div class=\"pricing-box silver\">\r\n        <div class=\"header\">\r\n            <h2>S\u00f8lv<\/h2>\r\n            <div class=\"price\">1699 NOK\/\u00c5R<\/div>\r\n        <\/div>\r\n        <ul class=\"features\">\r\n            <li>Tilgang til alle nye podcast episoder<\/li>\r\n            <li>Tilgang til alle tidligere episoder<\/li>\r\n            <li>12 \u00e5rlige nyhetsbrev<\/li>\r\n            <li>\u00c5rlig betaling<\/li>\r\n        <\/ul>\r\n        <a class=\"button\" href=\"https:\/\/drjohannes.com\/en\/membership-checkout\/?pmpro_level=3\">Velg Plan<\/a>\r\n    <\/div>\r\n\r\n    <div class=\"pricing-box gold\">\r\n        <div class=\"header\">\r\n            <h2>Gull<\/h2>\r\n            <div class=\"price\">3599 NOK\/\u00c5R<\/div>\r\n        <\/div>\r\n        <ul class=\"features\">\r\n            <li>Tilgang til alle nye podcast episoder<\/li>\r\n            <li>Tilgang til alle tidligere episoder<\/li>\r\n            <li>12 \u00e5rlige nyhetsbrev<\/li>\r\n            <li>Mulighet til \u00e5 stille Dr Johannes sp\u00f8rsm\u00e5l via epost 1x\/mnd<\/li>\r\n            <li>En gratis konsultasjon \u00e5rlig<\/li>\r\n            <li>\u00c5rlig betaling<\/li>\r\n        <\/ul>\r\n        <a class=\"button\" href=\"https:\/\/drjohannes.com\/en\/membership-checkout\/?pmpro_level=4\">Velg Plan<\/a>\r\n    <\/div>\r\n<\/div>\r\n\r\n<style>\r\n    \/* Pricing Table *\/\r\n    .pricing-table {\r\n        display: flex;\r\n        justify-content: center;\r\n        flex-wrap: wrap;\r\n        padding: 20px;\r\n        background-color: #f4f4f4;\r\n    }\r\n\r\n    .pricing-box {\r\n        background: #fff;\r\n        border: 1px solid #ddd;\r\n        border-radius: 10px;\r\n        box-shadow: 0 4px 8px rgba(0, 0, 0, 0.1);\r\n        padding: 20px;\r\n        width: 300px;\r\n        margin: 10px;\r\n        text-align: center;\r\n        transition: transform 0.3s, box-shadow 0.3s;\r\n    }\r\n\r\n    .pricing-box:hover {\r\n        transform: translateY(-10px);\r\n        box-shadow: 0 8px 16px rgba(0, 0, 0, 0.2);\r\n    }\r\n\r\n    .header h2 {\r\n        margin: 0;\r\n        font-size: 24px;\r\n        color: #333;\r\n    }\r\n\r\n    .price {\r\n        font-size: 22px;\r\n        color: #0a1f44;\r\n        margin: 10px 0;\r\n    }\r\n\r\n    .features {\r\n        list-style-type: none;\r\n        padding: 0;\r\n        margin: 15px 0;\r\n        color: #555;\r\n    }\r\n\r\n    .features li {\r\n        margin-bottom: 10px;\r\n    }\r\n\r\n    .button {\r\n        background-color: #f04e23;\r\n        color: white;\r\n        padding: 10px 20px;\r\n        text-decoration: none;\r\n        border-radius: 5px;\r\n        display: inline-block;\r\n        transition: background-color 0.3s;\r\n        font-size: 14px;\r\n    }\r\n\r\n    .button:hover {\r\n        background-color: #0a1f44;\r\n    }\r\n\r\n    \/* Responsive Design *\/\r\n    @media (max-width: 768px) {\r\n        .pricing-table {\r\n            flex-direction: column;\r\n            align-items: center;\r\n        }\r\n\r\n        .pricing-box {\r\n            width: 80%;\r\n            margin-bottom: 20px;\r\n        }\r\n    }\r\n\r\n    @media (max-width: 480px) {\r\n        .pricing-box {\r\n            width: 90%;\r\n        }\r\n    }\r\n<\/style>\r\n\t\t\t\t<\/div>\n\t\t\t\t<\/div>\n\t\t\t\t<\/div>\n\t\t<div id=\"e-n-tab-content-2377376502\" role=\"tabpanel\" aria-labelledby=\"e-n-tab-title-2377376502\" data-tab-index=\"2\" style=\"--n-tabs-title-order: 2;\" class=\"elementor-element elementor-element-2d68287 e-con-full e-flex e-con e-child\" data-id=\"2d68287\" data-element_type=\"container\" data-e-type=\"container\">\n\t\t\t\t<div class=\"elementor-element elementor-element-aee38e1 elementor-widget elementor-widget-html\" data-id=\"aee38e1\" data-element_type=\"widget\" data-e-type=\"widget\" data-widget_type=\"html.default\">\n\t\t\t\t<div class=\"elementor-widget-container\">\n\t\t\t\t\t<!-- Pricing Table -->\r\n<div class=\"pricing-table\">\r\n    <div class=\"pricing-box bronze\">\r\n        <div class=\"header\">\r\n            <h2>Bronse<\/h2>\r\n            <div class=\"price\">65 NOK\/MND<\/div>\r\n        <\/div>\r\n        <ul class=\"features\">\r\n            <li>Tilgang til alle nye podcast episoder<\/li>\r\n            <li>Tilgang til alle tidligere episoder<\/li>\r\n            <li>M\u00e5nedlig betaling<\/li>\r\n        <\/ul>\r\n        <a class=\"button\" href=\"https:\/\/drjohannes.com\/en\/membership-checkout\/?pmpro_level=8\">Velg Plan<\/a>\r\n    <\/div>\r\n\r\n    <div class=\"pricing-box silver\">\r\n        <div class=\"header\">\r\n            <h2>S\u00f8lv<\/h2>\r\n            <div class=\"price\">155 NOK\/MND<\/div>\r\n        <\/div>\r\n        <ul class=\"features\">\r\n            <li>Tilgang til alle nye podcast episoder<\/li>\r\n            <li>Tilgang til alle tidligere episoder<\/li>\r\n            <li>12 \u00e5rlige nyhetsbrev<\/li>\r\n            <li>M\u00e5nedlig betaling<\/li>\r\n        <\/ul>\r\n        <a class=\"button\" href=\"https:\/\/drjohannes.com\/en\/membership-checkout\/?pmpro_level=9\">Velg Plan<\/a>\r\n    <\/div>\r\n\r\n    <div class=\"pricing-box gold\">\r\n        <div class=\"header\">\r\n            <h2>Gull<\/h2>\r\n            <div class=\"price\">330 NOK\/MND<\/div>\r\n        <\/div>\r\n        <ul class=\"features\">\r\n            <li>Tilgang til alle nye podcast episoder<\/li>\r\n            <li>Tilgang til alle tidligere episoder<\/li>\r\n            <li>12 \u00e5rlige nyhetsbrev<\/li>\r\n            <li>Mulighet til \u00e5 stille Dr Johannes sp\u00f8rsm\u00e5l via epost 1x\/mnd<\/li>\r\n            <li>En gratis konsultasjon \u00e5rlig<\/li>\r\n            <li>M\u00e5nedlig betaling<\/li>\r\n        <\/ul>\r\n        <a class=\"button\" href=\"https:\/\/drjohannes.com\/en\/membership-checkout\/?pmpro_level=10\">Velg Plan<\/a>\r\n    <\/div>\r\n<\/div>\r\n\r\n<style>\r\n    \/* Pricing Table *\/\r\n    .pricing-table {\r\n        display: flex;\r\n        justify-content: center;\r\n        flex-wrap: wrap;\r\n        padding: 20px;\r\n        background-color: #f4f4f4;\r\n    }\r\n\r\n    .pricing-box {\r\n        background: #fff;\r\n        border: 1px solid #ddd;\r\n        border-radius: 10px;\r\n        box-shadow: 0 4px 8px rgba(0, 0, 0, 0.1);\r\n        padding: 20px;\r\n        width: 300px;\r\n        margin: 10px;\r\n        text-align: center;\r\n        transition: transform 0.3s, box-shadow 0.3s;\r\n    }\r\n\r\n    .pricing-box:hover {\r\n        transform: translateY(-10px);\r\n        box-shadow: 0 8px 16px rgba(0, 0, 0, 0.2);\r\n    }\r\n\r\n    .header h2 {\r\n        margin: 0;\r\n        font-size: 24px;\r\n        color: #333;\r\n    }\r\n\r\n    .price {\r\n        font-size: 22px;\r\n        color: #0a1f44;\r\n        margin: 10px 0;\r\n    }\r\n\r\n    .features {\r\n        list-style-type: none;\r\n        padding: 0;\r\n        margin: 15px 0;\r\n        color: #555;\r\n    }\r\n\r\n    .features li {\r\n        margin-bottom: 10px;\r\n    }\r\n\r\n    .button {\r\n        background-color: #f04e23;\r\n        color: white;\r\n        padding: 10px 20px;\r\n        text-decoration: none;\r\n        border-radius: 5px;\r\n        display: inline-block;\r\n        transition: background-color 0.3s;\r\n        font-size: 14px;\r\n    }\r\n\r\n    .button:hover {\r\n        background-color: #0a1f44;\r\n    }\r\n\r\n    \/* Responsive Design *\/\r\n    @media (max-width: 768px) {\r\n        .pricing-table {\r\n            flex-direction: column;\r\n            align-items: center;\r\n        }\r\n\r\n        .pricing-box {\r\n            width: 80%;\r\n            margin-bottom: 20px;\r\n        }\r\n    }\r\n\r\n    @media (max-width: 480px) {\r\n        .pricing-box {\r\n            width: 90%;\r\n        }\r\n    }\r\n<\/style>\r\n\t\t\t\t<\/div>\n\t\t\t\t<\/div>\n\t\t\t\t<\/div>\n\t\t\t\t\t<\/div>\n\t\t<\/div>\n\t\t\t\t\t\t<\/div>\n\t\t\t\t<\/div>\n\t\t\t\t\t<\/div>\n\t\t\t\t<\/div>\n\t\t\t\t<\/div>","protected":false},"excerpt":{"rendered":"<p>Yearly Monthly Bronse 699 NOK\/\u00c5R Tilgang til alle nye podcast episoder Tilgang til alle tidligere episoder \u00c5rlig betaling Velg Plan S\u00f8lv 1699 NOK\/\u00c5R Tilgang til alle nye podcast episoder Tilgang til alle tidligere episoder 12 \u00e5rlige nyhetsbrev \u00c5rlig betaling Velg Plan Gull 3599 NOK\/\u00c5R Tilgang til alle nye podcast episoder Tilgang til alle tidligere episoder&#8230;<\/p>","protected":false},"author":1,"featured_media":0,"parent":0,"menu_order":0,"comment_status":"closed","ping_status":"closed","template":"","meta":{"_acf_changed":false,"pmpro_default_level":"","footnotes":""},"class_list":["post-18326","page","type-page","status-publish","hentry","pmpro-has-access"],"acf":[],"_links":{"self":[{"href":"https:\/\/drjohannes.com\/en\/wp-json\/wp\/v2\/pages\/18326","targetHints":{"allow":["GET"]}}],"collection":[{"href":"https:\/\/drjohannes.com\/en\/wp-json\/wp\/v2\/pages"}],"about":[{"href":"https:\/\/drjohannes.com\/en\/wp-json\/wp\/v2\/types\/page"}],"author":[{"embeddable":true,"href":"https:\/\/drjohannes.com\/en\/wp-json\/wp\/v2\/users\/1"}],"replies":[{"embeddable":true,"href":"https:\/\/drjohannes.com\/en\/wp-json\/wp\/v2\/comments?post=18326"}],"version-history":[{"count":47,"href":"https:\/\/drjohannes.com\/en\/wp-json\/wp\/v2\/pages\/18326\/revisions"}],"predecessor-version":[{"id":21016,"href":"https:\/\/drjohannes.com\/en\/wp-json\/wp\/v2\/pages\/18326\/revisions\/21016"}],"wp:attachment":[{"href":"https:\/\/drjohannes.com\/en\/wp-json\/wp\/v2\/media?parent=18326"}],"curies":[{"name":"wp","href":"https:\/\/api.w.org\/{rel}","templated":true}]}}