{"id":2066,"date":"2024-01-14T07:42:38","date_gmt":"2024-01-14T07:42:38","guid":{"rendered":"https:\/\/thepixelcurve.com\/edubin\/lp\/?page_id=2066"},"modified":"2026-01-17T06:08:26","modified_gmt":"2026-01-17T06:08:26","slug":"contact","status":"publish","type":"page","link":"https:\/\/drjohannes.com\/en\/contact\/","title":{"rendered":"Contact"},"content":{"rendered":"<div data-elementor-type=\"wp-page\" data-elementor-id=\"2066\" class=\"elementor elementor-2066\" data-elementor-post-type=\"page\">\n\t\t\t\t<div class=\"elementor-element elementor-element-a5534f2 e-flex e-con-boxed e-con e-parent\" data-id=\"a5534f2\" data-element_type=\"container\" data-e-type=\"container\">\n\t\t\t\t\t<div class=\"e-con-inner\">\n\t\t<div class=\"elementor-element elementor-element-f6cca6d e-con-full e-flex e-con e-child\" data-id=\"f6cca6d\" data-element_type=\"container\" data-e-type=\"container\">\n\t\t\t\t<div class=\"elementor-element elementor-element-d1c4166 elementor-widget elementor-widget-heading\" data-id=\"d1c4166\" data-element_type=\"widget\" data-e-type=\"widget\" data-widget_type=\"heading.default\">\n\t\t\t\t<div class=\"elementor-widget-container\">\n\t\t\t\t\t<h2 class=\"elementor-heading-title elementor-size-default\">Consultation<\/h2>\t\t\t\t<\/div>\n\t\t\t\t<\/div>\n\t\t\t\t<div class=\"elementor-element elementor-element-94fde55 elementor-widget elementor-widget-text-editor\" data-id=\"94fde55\" data-element_type=\"widget\" data-e-type=\"widget\" data-widget_type=\"text-editor.default\">\n\t\t\t\t<div class=\"elementor-widget-container\">\n\t\t\t\t\t\t\t\t\t<p>&laquo;Som lege, filosof og mentor kombinerer jeg en unik kompetanse for \u00e5 hjelpe mennesker med \u00e5 navigere alt fra hverdagslige utfordringer til livets st\u00f8rste kriser. Med 14 \u00e5rs erfaring i \u00e5 forst\u00e5 menneskets psyke, kroppens helse og livets kompleksitet, samt over 20 \u00e5rs meditasjonspraksis, tilbyr jeg en helhetlig tiln\u00e6rming som skaper varig og meningsfull endring.&raquo;<\/p><p>Bestill din konsultasjon i dag, og ta det f\u00f8rste steget mot en bedre hverdag!<\/p>\t\t\t\t\t\t\t\t<\/div>\n\t\t\t\t<\/div>\n\t\t\t\t<div class=\"elementor-element elementor-element-2b72c44 elementor-widget elementor-widget-image\" data-id=\"2b72c44\" data-element_type=\"widget\" data-e-type=\"widget\" data-widget_type=\"image.default\">\n\t\t\t\t<div class=\"elementor-widget-container\">\n\t\t\t\t\t\t\t\t\t\t\t\t\t\t\t<img fetchpriority=\"high\" decoding=\"async\" width=\"640\" height=\"640\" src=\"https:\/\/drjohannes.com\/wp-content\/uploads\/2025\/01\/Brukes-til-copy-1024x1024.jpg\" class=\"attachment-large size-large wp-image-21204\" alt=\"\" srcset=\"https:\/\/drjohannes.com\/wp-content\/uploads\/2025\/01\/Brukes-til-copy-1024x1024.jpg 1024w, https:\/\/drjohannes.com\/wp-content\/uploads\/2025\/01\/Brukes-til-copy-300x300.jpg 300w, https:\/\/drjohannes.com\/wp-content\/uploads\/2025\/01\/Brukes-til-copy-150x150.jpg 150w, https:\/\/drjohannes.com\/wp-content\/uploads\/2025\/01\/Brukes-til-copy-768x768.jpg 768w, https:\/\/drjohannes.com\/wp-content\/uploads\/2025\/01\/Brukes-til-copy-12x12.jpg 12w, https:\/\/drjohannes.com\/wp-content\/uploads\/2025\/01\/Brukes-til-copy-600x600.jpg 600w, https:\/\/drjohannes.com\/wp-content\/uploads\/2025\/01\/Brukes-til-copy-100x100.jpg 100w, https:\/\/drjohannes.com\/wp-content\/uploads\/2025\/01\/Brukes-til-copy.jpg 1080w\" sizes=\"(max-width: 640px) 100vw, 640px\" \/>\t\t\t\t\t\t\t\t\t\t\t\t\t\t\t<\/div>\n\t\t\t\t<\/div>\n\t\t\t\t<\/div>\n\t\t<div class=\"elementor-element elementor-element-21e46ce e-con-full e-flex e-con e-child\" data-id=\"21e46ce\" data-element_type=\"container\" data-e-type=\"container\">\n\t\t\t\t<div class=\"elementor-element elementor-element-3945fc7 elementor-widget elementor-widget-text-editor\" data-id=\"3945fc7\" data-element_type=\"widget\" data-e-type=\"widget\" data-widget_type=\"text-editor.default\">\n\t\t\t\t<div class=\"elementor-widget-container\">\n\t\t\t\t\t\t\t\t\t<h3>Kontaktinformasjon<\/h3><h5><span class=\"icon\">\ud83d\udcde<\/span>+47 97156994<\/h5><h5><span class=\"icon\">\ud83d\udce7<\/span>johannes@drjohannes.no<\/h5>\t\t\t\t\t\t\t\t<\/div>\n\t\t\t\t<\/div>\n\t\t\t\t<\/div>\n\t\t\t\t\t<\/div>\n\t\t\t\t<\/div>\n\t\t\t\t<\/div>","protected":false},"excerpt":{"rendered":"<p>Konsultasjon &laquo;Som lege, filosof og mentor kombinerer jeg en unik kompetanse for \u00e5 hjelpe mennesker med \u00e5 navigere alt fra hverdagslige utfordringer til livets st\u00f8rste kriser. Med 14 \u00e5rs erfaring i \u00e5 forst\u00e5 menneskets psyke, kroppens helse og livets kompleksitet, samt over 20 \u00e5rs meditasjonspraksis, tilbyr jeg en helhetlig tiln\u00e6rming som skaper varig og meningsfull&#8230;<\/p>","protected":false},"author":1,"featured_media":0,"parent":0,"menu_order":0,"comment_status":"closed","ping_status":"closed","template":"","meta":{"_acf_changed":false,"pmpro_default_level":"","footnotes":""},"class_list":["post-2066","page","type-page","status-publish","hentry","pmpro-has-access"],"acf":[],"_links":{"self":[{"href":"https:\/\/drjohannes.com\/en\/wp-json\/wp\/v2\/pages\/2066","targetHints":{"allow":["GET"]}}],"collection":[{"href":"https:\/\/drjohannes.com\/en\/wp-json\/wp\/v2\/pages"}],"about":[{"href":"https:\/\/drjohannes.com\/en\/wp-json\/wp\/v2\/types\/page"}],"author":[{"embeddable":true,"href":"https:\/\/drjohannes.com\/en\/wp-json\/wp\/v2\/users\/1"}],"replies":[{"embeddable":true,"href":"https:\/\/drjohannes.com\/en\/wp-json\/wp\/v2\/comments?post=2066"}],"version-history":[{"count":103,"href":"https:\/\/drjohannes.com\/en\/wp-json\/wp\/v2\/pages\/2066\/revisions"}],"predecessor-version":[{"id":22044,"href":"https:\/\/drjohannes.com\/en\/wp-json\/wp\/v2\/pages\/2066\/revisions\/22044"}],"wp:attachment":[{"href":"https:\/\/drjohannes.com\/en\/wp-json\/wp\/v2\/media?parent=2066"}],"curies":[{"name":"wp","href":"https:\/\/api.w.org\/{rel}","templated":true}]}}